{"id":5888,"date":"2025-07-15T11:45:51","date_gmt":"2025-07-15T09:45:51","guid":{"rendered":"https:\/\/axetechnologies.com\/?page_id=5888"},"modified":"2025-07-15T11:52:15","modified_gmt":"2025-07-15T09:52:15","slug":"accueil-2","status":"publish","type":"page","link":"https:\/\/axetechnologies.com\/fr\/accueil-2\/","title":{"rendered":"Accueil"},"content":{"rendered":"<div class=\"wpb-content-wrapper\"><p>[vc_row full_width=\u00a0\u00bbstretch_row_content_no_spaces\u00a0\u00bb el_class=\u00a0\u00bbsection-image-text\u00a0\u00bb css=\u00a0\u00bb.vc_custom_1752573115995{margin-bottom: 20px !important;padding-right: 0px !important;padding-left: 0px !important;}\u00a0\u00bb el_id=\u00a0\u00bbcustom-header-test\u00a0\u00bb][vc_column el_class=\u00a0\u00bbsection-gradient\u00a0\u00bb offset=\u00a0\u00bbvc_col-md-4&Prime;][vc_column_text el_class=\u00a0\u00bbsection-title\u00a0\u00bb]<\/p>\n<h1>Axe Technologies<br \/>\nVotre partenaire de confiance dans l\u2019univers des t\u00e9l\u00e9communications<\/h1>\n<p>[\/vc_column_text][vc_column_text]<span style=\"font-weight: 400;\">Gr\u00e2ce \u00e0 une expertise \u00e9prouv\u00e9e et une vision globale des m\u00e9tiers et enjeux du secteur, nous accompagnons nos clients pour optimiser leur performance et relever les d\u00e9fis technologiques d\u2019aujourd\u2019hui et de demain.<\/span>[\/vc_column_text][\/vc_column][vc_column offset=\u00a0\u00bbvc_col-md-8&Prime; css=\u00a0\u00bb.vc_custom_1752572758955{padding-right: 0px !important;padding-left: 0px !important;}\u00a0\u00bb][vc_single_image image=\u00a0\u00bb5812&Prime; alignment=\u00a0\u00bbright\u00a0\u00bb luv_animation=\u00a0\u00bbc-animate-right\u00a0\u00bb css=\u00a0\u00bb.vc_custom_1752572795104{margin-bottom: 0px !important;padding-right: 0px !important;padding-left: 0px !important;}\u00a0\u00bb el_class=\u00a0\u00bbborder-left-radius\u00a0\u00bb][\/vc_column][\/vc_row][vc_row][vc_column]<div class=\"wpb-content-wrapper\"><p>[vc_row full_width=\u00a0\u00bbstretch_row_content\u00a0\u00bb css=\u00a0\u00bb.vc_custom_1613476162950{margin-bottom: 0px !important;}\u00a0\u00bb el_class=\u00a0\u00bbpartners-carousel\u00a0\u00bb][vc_column][vc_column_text css=\u00a0\u00bb.vc_custom_1752184382059{margin-bottom: 0px !important;}\u00a0\u00bb]<\/p>\n<h2 style=\"text-align: center;\">Ils nous font d\u00e9j\u00e0 confiance :<\/h2>\n<p>[\/vc_column_text]<ul  class='luv-carousel  luv-same-height align-middle' data-luv-carousel-infinite=\"true\" data-luv-carousel-nav=\"true\" data-luv-carousel-dots=\"false\" data-luv-carousel-autoplay=\"true\" data-luv-carousel-autoplay_timeout=\"5000\" data-luv-carousel-autoplay_pause=\"false\" data-luv-carousel-items=\"{'desktop':'5','laptop':'5','tablet-landscape':'4','tablet-portrait':'2','mobile':'1'}\" data-luv-carousel-parallax=\"false\" data-luv-carousel-full_height=\"false\" data-luv-carousel-same_height=\"true\" data-luv-carousel-vertical_alignment=\"middle\"><li class=\"    \">[vc_single_image image=\u00a0\u00bb5973&Prime; img_size=\u00a0\u00bbthumbnail\u00a0\u00bb css=\u00a0\u00bb.vc_custom_1751644793364{margin-bottom: 0px !important;}\u00a0\u00bb el_class=\u00a0\u00bbcustom-logo-60&Prime;]<\/li><li class=\"    \">[vc_single_image image=\u00a0\u00bb5989&Prime; css=\u00a0\u00bb.vc_custom_1751018725563{margin-bottom: 0px !important;}\u00a0\u00bb]<\/li><li class=\"    \">[vc_single_image image=\u00a0\u00bb6241&Prime; el_class=\u00a0\u00bbcustom-logo-70&Prime;]<\/li><li class=\"    \">[vc_single_image image=\u00a0\u00bb220&Prime; css=\u00a0\u00bb.vc_custom_1610568281890{margin-bottom: 0px !important;}\u00a0\u00bb]<\/li><li class=\"    \">[vc_single_image image=\u00a0\u00bb5985&Prime; css=\u00a0\u00bb.vc_custom_1751018750658{margin-bottom: 0px !important;}\u00a0\u00bb]<\/li><li class=\"    \">[vc_single_image image=\u00a0\u00bb5983&Prime; css=\u00a0\u00bb.vc_custom_1751018767616{margin-bottom: 0px !important;}\u00a0\u00bb]<\/li><li class=\"    \">[vc_single_image image=\u00a0\u00bb5981&Prime; css=\u00a0\u00bb.vc_custom_1751018779345{margin-bottom: 0px !important;}\u00a0\u00bb]<\/li><li class=\"    \">[vc_single_image image=\u00a0\u00bb5979&Prime; css=\u00a0\u00bb.vc_custom_1751018853196{margin-bottom: 0px !important;}\u00a0\u00bb]<\/li><li class=\"    \">[vc_single_image image=\u00a0\u00bb5977&Prime; css=\u00a0\u00bb.vc_custom_1751018870925{margin-bottom: 0px !important;}\u00a0\u00bb]<\/li><li class=\"    \">[vc_single_image image=\u00a0\u00bb5975&Prime; css=\u00a0\u00bb.vc_custom_1751018882152{margin-bottom: 0px !important;}\u00a0\u00bb]<\/li><li class=\"    \">[vc_single_image image=\u00a0\u00bb5971&Prime; css=\u00a0\u00bb.vc_custom_1751018892763{margin-bottom: 0px !important;}\u00a0\u00bb]<\/li><li class=\"    \">[vc_single_image image=\u00a0\u00bb5969&Prime; css=\u00a0\u00bb.vc_custom_1751018909307{margin-bottom: 0px !important;}\u00a0\u00bb]<\/li><li class=\"    \">[vc_single_image image=\u00a0\u00bb5967&Prime; css=\u00a0\u00bb.vc_custom_1751018928687{margin-bottom: 0px !important;}\u00a0\u00bb]<\/li><li class=\"    \">[vc_single_image image=\u00a0\u00bb121&Prime; css=\u00a0\u00bb.vc_custom_1609944161016{margin-bottom: 0px !important;}\u00a0\u00bb]<\/li><li class=\"    \">[vc_single_image image=\u00a0\u00bb6069&Prime; el_class=\u00a0\u00bbcustom-logo-70&Prime;]<\/li><li class=\"    \">[vc_single_image image=\u00a0\u00bb6071&Prime;]<\/li><li class=\"    \">[vc_single_image image=\u00a0\u00bb6095&Prime; img_size=\u00a0\u00bbfevr_lazyload\u00a0\u00bb el_class=\u00a0\u00bbcustom-logo-70&Prime;]<\/li><\/ul>[\/vc_column][\/vc_row]<\/p>\n<\/div>[\/vc_column][\/vc_row][vc_row full_width=\u00a0\u00bbstretch_row_content_no_spaces\u00a0\u00bb luv_animation=\u00a0\u00bbc-animate-fade-in\u00a0\u00bb el_class=\u00a0\u00bbsection-image-text\u00a0\u00bb css=\u00a0\u00bb.vc_custom_1613476269371{margin-bottom: 50px !important;}\u00a0\u00bb][vc_column luv_animation=\u00a0\u00bbc-animate-fade-in\u00a0\u00bb offset=\u00a0\u00bbvc_col-md-7&Prime;][vc_single_image image=\u00a0\u00bb5830&Prime; css=\u00a0\u00bb.vc_custom_1750241311435{margin-bottom: 0px !important;}\u00a0\u00bb el_class=\u00a0\u00bbborder-right-radius\u00a0\u00bb][\/vc_column][vc_column luv_text_alignment=\u00a0\u00bbright\u00a0\u00bb el_class=\u00a0\u00bbsection-gradient section-gradient-reverse lefttoright\u00a0\u00bb offset=\u00a0\u00bbvc_col-md-5&Prime;][vc_column_text]<b>Axe Technologies<\/b> a \u00e9t\u00e9 fond\u00e9e par des experts du secteur des t\u00e9l\u00e9communications, forts de plus de 20 ans d\u2019exp\u00e9rience et de partenariats solides avec les plus grands acteurs des domaines Telecom et Wireless.<br \/>\nNotre expertise couvre le recrutement de profils sp\u00e9cialis\u00e9s dans les r\u00e9seaux de transport, l\u2019acc\u00e8s radio, le c\u0153ur de r\u00e9seau, les services \u00e0 valeur ajout\u00e9e, le support op\u00e9rationnel et l\u2019ing\u00e9nierie des processus.<\/p>\n<p>Nous proposons \u00e0 nos clients \u2013 principalement des cabinets de conseil \u2013 des prestations de services manag\u00e9s, de recrutement, de mise \u00e0 disposition de personnel, ainsi que du conseil en t\u00e9l\u00e9communications.<\/p>\n<p><b>Axe Technologies<\/b> est une soci\u00e9t\u00e9 luxembourgeoise, d\u00e9tenue et g\u00e9r\u00e9e localement, dont le si\u00e8ge social est bas\u00e9 \u00e0 Doncols, au Luxembourg.[\/vc_column_text]<a href=\"\/fr\/a-propos\/\" target=\"_self\" class=\"btn btn-shortcode btn-icon btn-icon-default-right\" ><span>En savoir plus<\/span><span><i class=\"fa fa-chevron-right\"><\/i><\/span><\/a>[\/vc_column][\/vc_row][vc_row luv_animation=\u00a0\u00bbc-animate-fade-in\u00a0\u00bb][vc_column]<div class=\"wpb-content-wrapper\"><p>[vc_row full_width=\u00a0\u00bbstretch_row_content\u00a0\u00bb css=\u00a0\u00bb.vc_custom_1610019033478{margin-bottom: 30px !important;}\u00a0\u00bb][vc_column][vc_column_text css=\u00a0\u00bb.vc_custom_1750252234745{margin-bottom: 0px !important;}\u00a0\u00bb]<\/p>\n<h2 style=\"text-align: center;\"><b>Nos services<\/b><\/h2>\n<p>[\/vc_column_text][\/vc_column][\/vc_row][vc_row full_width=\u00a0\u00bbstretch_row_content\u00a0\u00bb el_class=\u00a0\u00bbsection-services\u00a0\u00bb css=\u00a0\u00bb.vc_custom_1613476081216{margin-bottom: 30px !important;}\u00a0\u00bb][vc_column]<ul  class='luv-carousel  align-middle' data-luv-carousel-infinite=\"true\" data-luv-carousel-nav=\"true\" data-luv-carousel-dots=\"false\" data-luv-carousel-autoplay=\"true\" data-luv-carousel-autoplay_timeout=\"5000\" data-luv-carousel-autoplay_pause=\"true\" data-luv-carousel-items=\"{'desktop':'3','laptop':'3','tablet-landscape':'3','tablet-portrait':'1','mobile':'1'}\" data-luv-carousel-margin=\"30\" data-luv-carousel-parallax=\"false\" data-luv-carousel-full_height=\"false\" data-luv-carousel-same_height=\"false\" data-luv-carousel-vertical_alignment=\"middle\"><li class=\"    \">[vc_row_inner][vc_column_inner column_link=\u00a0\u00bb\/fr\/nos-services\/#managed-services\u00a0\u00bb][vc_single_image image=\u00a0\u00bb5915&Prime; css=\u00a0\u00bb.vc_custom_1750858106615{margin-bottom: 0px !important;}\u00a0\u00bb][vc_column_text]<\/p>\n<p style=\"text-align: center;\"><strong>Gestion de projets t\u00e9l\u00e9coms de bout en bout<\/strong><\/p>\n<p>[\/vc_column_text][vc_column_text]<\/p>\n<p style=\"text-align: center;\">Chez <strong>Axe Technologies<\/strong>, nous orchestrons des projets complexes li\u00e9s aux infrastructures t\u00e9l\u00e9coms, du g\u00e9nie civil \u00e0 la transmission, en constituant des \u00e9quipes performantes \u00e0 l\u2019\u00e9chelle europ\u00e9enne. Chaque mission est structur\u00e9e pour r\u00e9pondre aux exigences pr\u00e9cises du client et de son environnement.<\/p>\n<p>[\/vc_column_text][\/vc_column_inner][\/vc_row_inner]<\/li><li class=\"    \">[vc_row_inner][vc_column_inner column_link=\u00a0\u00bb\/fr\/nos-services\/#staffing\u00a0\u00bb][vc_single_image image=\u00a0\u00bb5927&Prime; css=\u00a0\u00bb.vc_custom_1750859215841{margin-bottom: 0px !important;}\u00a0\u00bb][vc_column_text]<\/p>\n<p style=\"text-align: center;\"><strong>Staffing &amp; Solutions de Recrutement<\/strong><\/p>\n<p>[\/vc_column_text][vc_column_text]<\/p>\n<p style=\"text-align: center;\"><strong>Axe Technologies<\/strong> comble les besoins critiques du secteur t\u00e9l\u00e9com en mobilisant les bons profils, au bon moment. Nous mettons en relation des talents qualifi\u00e9s avec des entreprises en qu\u00eate de savoir-faire op\u00e9rationnel et strat\u00e9gique, en mode agile ou en prestation longue dur\u00e9e.<\/p>\n<p>[\/vc_column_text][\/vc_column_inner][\/vc_row_inner]<\/li><li class=\"    \">[vc_row_inner][vc_column_inner column_link=\u00a0\u00bb\/fr\/nos-services\/#telecom\u00a0\u00bb][vc_single_image image=\u00a0\u00bb5919&Prime; css=\u00a0\u00bb.vc_custom_1750858230665{margin-bottom: 0px !important;}\u00a0\u00bb][vc_column_text]<\/p>\n<p style=\"text-align: center;\"><strong>Conseil en T\u00e9l\u00e9communications<\/strong><\/p>\n<p>[\/vc_column_text][vc_column_text]<\/p>\n<p style=\"text-align: center;\">Notre \u00e9quipe d\u2019experts accompagne les entreprises dans leurs choix technologiques et leurs d\u00e9fis d\u2019ing\u00e9nierie t\u00e9l\u00e9com. De la t\u00e9l\u00e9phonie mobile aux r\u00e9seaux de nouvelle g\u00e9n\u00e9ration, nous intervenons avec une approche \u00e0 la fois technique et manag\u00e9riale, orient\u00e9e r\u00e9sultats.<\/p>\n<p>[\/vc_column_text][\/vc_column_inner][\/vc_row_inner]<\/li><\/ul>[\/vc_column][\/vc_row]<\/p>\n<\/div>[\/vc_column][\/vc_row][vc_row css=\u00a0\u00bb.vc_custom_1609945153209{margin-bottom: 50px !important;}\u00a0\u00bb el_class=\u00a0\u00bbjob-openings-container\u00a0\u00bb][vc_column][vc_column_text luv_animation=\u00a0\u00bbc-animate-fade-in\u00a0\u00bb css=\u00a0\u00bb.vc_custom_1750252986549{margin-bottom: 20px !important;}\u00a0\u00bb]<\/p>\n<h2 style=\"text-align: center;\">Offres d&#8217;emploi<\/h2>\n<p>[\/vc_column_text][vc_column_text luv_animation=\u00a0\u00bbc-animate-fade-in\u00a0\u00bb]<ul class=\"job-list awsm-row awsm-grid-col-3\"><li class=\"awsm-job-listing-item awsm-grid-item\"><div class=\"awsm-job-item\"><div><a href=\"https:\/\/axetechnologies.com\/fr\/jobs\/technicien-intervention-client\/\"><h3>Technicien Intervention client<\/h3><div class=\"job-details\"><span><img decoding=\"async\" src=\"https:\/\/axetechnologies.com\/wp-content\/themes\/fevr-child\/images\/\/location.png\">Brussels (BE)<\/span><span><img decoding=\"async\" src=\"https:\/\/axetechnologies.com\/wp-content\/themes\/fevr-child\/images\/\/calendar.svg\">Imm\u00e9diat<\/span><span><img decoding=\"async\" src=\"https:\/\/axetechnologies.com\/wp-content\/themes\/fevr-child\/images\/\/salary.svg\">N\u00e9gociable<\/span><span><img decoding=\"async\" src=\"https:\/\/axetechnologies.com\/wp-content\/themes\/fevr-child\/images\/\/sector.svg\">T\u00e9l\u00e9com<\/span><\/div><div  class=\"more\">En savoir plus <i class=\"fa fa-chevron-right\"><\/i><\/div><\/a><\/div><\/div><\/li><li class=\"awsm-job-listing-item awsm-grid-item\"><div class=\"awsm-job-item\"><div><a href=\"https:\/\/axetechnologies.com\/fr\/jobs\/charge-d-activite-deploiement\/\"><h3>Charg\u00e9 d&rsquo;activit\u00e9 d\u00e9ploiement<\/h3><div class=\"job-details\"><span><img decoding=\"async\" src=\"https:\/\/axetechnologies.com\/wp-content\/themes\/fevr-child\/images\/\/location.png\">Toulouse (FR)<\/span><span><img decoding=\"async\" src=\"https:\/\/axetechnologies.com\/wp-content\/themes\/fevr-child\/images\/\/calendar.svg\">Imm\u00e9diat<\/span><span><img decoding=\"async\" src=\"https:\/\/axetechnologies.com\/wp-content\/themes\/fevr-child\/images\/\/salary.svg\">N\u00e9gociable<\/span><span><img decoding=\"async\" src=\"https:\/\/axetechnologies.com\/wp-content\/themes\/fevr-child\/images\/\/sector.svg\">Energie<\/span><\/div><div  class=\"more\">En savoir plus <i class=\"fa fa-chevron-right\"><\/i><\/div><\/a><\/div><\/div><\/li><li class=\"awsm-job-listing-item awsm-grid-item\"><div class=\"awsm-job-item\"><div><a href=\"https:\/\/axetechnologies.com\/fr\/jobs\/conducteur-de-travaux\/\"><h3>Conducteur de Travaux<\/h3><div class=\"job-details\"><span><img decoding=\"async\" src=\"https:\/\/axetechnologies.com\/wp-content\/themes\/fevr-child\/images\/\/location.png\">Nantes (FR)<\/span><span><img decoding=\"async\" src=\"https:\/\/axetechnologies.com\/wp-content\/themes\/fevr-child\/images\/\/calendar.svg\">Imm\u00e9diat<\/span><span><img decoding=\"async\" src=\"https:\/\/axetechnologies.com\/wp-content\/themes\/fevr-child\/images\/\/salary.svg\">N\u00e9gociable<\/span><span><img decoding=\"async\" src=\"https:\/\/axetechnologies.com\/wp-content\/themes\/fevr-child\/images\/\/sector.svg\">T\u00e9l\u00e9com<\/span><\/div><div  class=\"more\">En savoir plus <i class=\"fa fa-chevron-right\"><\/i><\/div><\/a><\/div><\/div><\/li><li class=\"awsm-job-listing-item awsm-grid-item\"><div class=\"awsm-job-item\"><div><a href=\"https:\/\/axetechnologies.com\/fr\/jobs\/monteur-cableur\/\"><h3>Monteur C\u00e2bleur<\/h3><div class=\"job-details\"><span><img decoding=\"async\" src=\"https:\/\/axetechnologies.com\/wp-content\/themes\/fevr-child\/images\/\/location.png\">Brussels (BE)<\/span><span><img decoding=\"async\" src=\"https:\/\/axetechnologies.com\/wp-content\/themes\/fevr-child\/images\/\/calendar.svg\">Imm\u00e9diat<\/span><span><img decoding=\"async\" src=\"https:\/\/axetechnologies.com\/wp-content\/themes\/fevr-child\/images\/\/salary.svg\">N\u00e9gociable<\/span><span><img decoding=\"async\" src=\"https:\/\/axetechnologies.com\/wp-content\/themes\/fevr-child\/images\/\/sector.svg\">T\u00e9l\u00e9com<\/span><\/div><div  class=\"more\">En savoir plus <i class=\"fa fa-chevron-right\"><\/i><\/div><\/a><\/div><\/div><\/li><li class=\"awsm-job-listing-item awsm-grid-item\"><div class=\"awsm-job-item\"><div><a href=\"https:\/\/axetechnologies.com\/fr\/jobs\/negociateurs-de-sites\/\"><h3>N\u00e9gociateurs de sites<\/h3><div class=\"job-details\"><span><img decoding=\"async\" src=\"https:\/\/axetechnologies.com\/wp-content\/themes\/fevr-child\/images\/\/location.png\">Lyon (FR)<\/span><span><img decoding=\"async\" src=\"https:\/\/axetechnologies.com\/wp-content\/themes\/fevr-child\/images\/\/calendar.svg\">Imm\u00e9diat<\/span><span><img decoding=\"async\" src=\"https:\/\/axetechnologies.com\/wp-content\/themes\/fevr-child\/images\/\/salary.svg\">N\u00e9gociable<\/span><span><img decoding=\"async\" src=\"https:\/\/axetechnologies.com\/wp-content\/themes\/fevr-child\/images\/\/sector.svg\">T\u00e9l\u00e9com<\/span><\/div><div  class=\"more\">En savoir plus <i class=\"fa fa-chevron-right\"><\/i><\/div><\/a><\/div><\/div><\/li><li class=\"awsm-job-listing-item awsm-grid-item\"><div class=\"awsm-job-item\"><div><a href=\"https:\/\/axetechnologies.com\/fr\/jobs\/ingenieur-designer-rf\/\"><h3>Ing\u00e9nieur Designer RF<\/h3><div class=\"job-details\"><span><img decoding=\"async\" src=\"https:\/\/axetechnologies.com\/wp-content\/themes\/fevr-child\/images\/\/location.png\">Brussels (BE)<\/span><span><img decoding=\"async\" src=\"https:\/\/axetechnologies.com\/wp-content\/themes\/fevr-child\/images\/\/calendar.svg\">Imm\u00e9diat<\/span><span><img decoding=\"async\" src=\"https:\/\/axetechnologies.com\/wp-content\/themes\/fevr-child\/images\/\/salary.svg\">N\u00e9gociable<\/span><span><img decoding=\"async\" src=\"https:\/\/axetechnologies.com\/wp-content\/themes\/fevr-child\/images\/\/sector.svg\">T\u00e9l\u00e9com<\/span><\/div><div  class=\"more\">En savoir plus <i class=\"fa fa-chevron-right\"><\/i><\/div><\/a><\/div><\/div><\/li><\/ul>[\/vc_column_text][vc_row_inner luv_animation=\u00a0\u00bbc-animate-fade-in\u00a0\u00bb][vc_column_inner el_class=\u00a0\u00bbbtn-big\u00a0\u00bb luv_text_alignment=\u00a0\u00bbcenter\u00a0\u00bb]<a href=\"\/fr\/offres-demploi\/\" target=\"_self\" class=\"btn btn-shortcode btn-icon btn-icon-default-right\" ><span>Voir toutes les offres<\/span><span><i class=\"fa fa-chevron-right\"><\/i><\/span><\/a>[\/vc_column_inner][\/vc_row_inner][\/vc_column][\/vc_row][vc_row luv_animation=\u00a0\u00bbc-animate-bottom\u00a0\u00bb][vc_column]<div class=\"wpb-content-wrapper\"><p>[vc_row full_width=\u00a0\u00bbstretch_row_content_no_spaces\u00a0\u00bb parallax=\u00a0\u00bbcontent-moving\u00a0\u00bb parallax_image=\u00a0\u00bb114&Prime; luv_animation=\u00a0\u00bbc-animate-bottom\u00a0\u00bb luv_text_alignment=\u00a0\u00bbcenter\u00a0\u00bb css=\u00a0\u00bb.vc_custom_1612456577813{padding-top: 50px !important;padding-bottom: 50px !important;background-image: url(https:\/\/axetechnologies.com\/wp-content\/uploads\/2021\/01\/shutterstock_149586458-min.jpg?id=13) !important;background-position: center;background-repeat: no-repeat !important;background-size: cover !important;}\u00a0\u00bb el_class=\u00a0\u00bbsection-bottom\u00a0\u00bb][vc_column][vc_column_text luv_animation=\u00a0\u00bbc-animate-left\u00a0\u00bb el_class=\u00a0\u00bbcustom-cta-margin\u00a0\u00bb]<\/p>\n<p style=\"text-align: center;\"><strong>Axe Technologies<\/strong><br \/>\n<strong>accompagne les entreprises \u00e0 la crois\u00e9e du conseil en strat\u00e9gie et de l\u2019innovation technologique<\/strong><\/p>\n<p>[\/vc_column_text]<a href=\"\/fr\/nous-contacter\/\" target=\"_self\" class=\"btn btn-shortcode btn-full btn-icon btn-icon-default-right\" ><span>Contactez-nous<\/span><span><i class=\"fa fa-chevron-right\"><\/i><\/span><\/a>[\/vc_column][\/vc_row]<\/p>\n<\/div>[\/vc_column][\/vc_row]<\/p>\n<\/div>","protected":false},"excerpt":{"rendered":"<p>[vc_row full_width=\u00a0\u00bbstretch_row_content_no_spaces\u00a0\u00bb el_class=\u00a0\u00bbsection-image-text\u00a0\u00bb css=\u00a0\u00bb.vc_custom_1752573115995{margin-bottom: 20px !important;padding-right: 0px !important;padding-left: 0px !important;}\u00a0\u00bb el_id=\u00a0\u00bbcustom-header-test\u00a0\u00bb][vc_column el_class=\u00a0\u00bbsection-gradient\u00a0\u00bb offset=\u00a0\u00bbvc_col-md-4&Prime;][vc_column_text el_class=\u00a0\u00bbsection-title\u00a0\u00bb] Axe Technologies Votre partenaire de confiance dans l\u2019univers des t\u00e9l\u00e9communications [\/vc_column_text][vc_column_text]Gr\u00e2ce \u00e0 une expertise \u00e9prouv\u00e9e et une vision globale des m\u00e9tiers et enjeux du secteur, nous accompagnons nos clients pour optimiser leur performance et relever les d\u00e9fis technologiques d\u2019aujourd\u2019hui et de [&hellip;]<\/p>\n","protected":false},"author":3,"featured_media":0,"parent":0,"menu_order":0,"comment_status":"closed","ping_status":"closed","template":"","meta":{"footnotes":""},"class_list":["post-5888","page","type-page","status-publish","hentry"],"yoast_head":"<!-- This site is optimized with the Yoast SEO plugin v27.5 - https:\/\/yoast.com\/product\/yoast-seo-wordpress\/ -->\n<title>Accueil - Axe Technologies<\/title>\n<meta name=\"robots\" content=\"index, follow, max-snippet:-1, max-image-preview:large, max-video-preview:-1\" \/>\n<link rel=\"canonical\" href=\"https:\/\/axetechnologies.com\/fr\/accueil-2\/\" \/>\n<meta property=\"og:locale\" content=\"fr_FR\" \/>\n<meta property=\"og:type\" content=\"article\" \/>\n<meta property=\"og:title\" content=\"Accueil - Axe Technologies\" \/>\n<meta property=\"og:description\" content=\"[vc_row full_width=\u00a0\u00bbstretch_row_content_no_spaces\u00a0\u00bb el_class=\u00a0\u00bbsection-image-text\u00a0\u00bb css=\u00a0\u00bb.vc_custom_1752573115995{margin-bottom: 20px !important;padding-right: 0px !important;padding-left: 0px !important;}\u00a0\u00bb el_id=\u00a0\u00bbcustom-header-test\u00a0\u00bb][vc_column el_class=\u00a0\u00bbsection-gradient\u00a0\u00bb offset=\u00a0\u00bbvc_col-md-4&Prime;][vc_column_text el_class=\u00a0\u00bbsection-title\u00a0\u00bb] Axe Technologies Votre partenaire de confiance dans l\u2019univers des t\u00e9l\u00e9communications [\/vc_column_text][vc_column_text]Gr\u00e2ce \u00e0 une expertise \u00e9prouv\u00e9e et une vision globale des m\u00e9tiers et enjeux du secteur, nous accompagnons nos clients pour optimiser leur performance et relever les d\u00e9fis technologiques d\u2019aujourd\u2019hui et de [&hellip;]\" \/>\n<meta property=\"og:url\" content=\"https:\/\/axetechnologies.com\/fr\/accueil-2\/\" \/>\n<meta property=\"og:site_name\" content=\"Axe Technologies\" \/>\n<meta property=\"article:modified_time\" content=\"2025-07-15T09:52:15+00:00\" \/>\n<meta name=\"twitter:card\" content=\"summary_large_image\" \/>\n<meta name=\"twitter:label1\" content=\"Dur\u00e9e de lecture estim\u00e9e\" \/>\n\t<meta name=\"twitter:data1\" content=\"2 minutes\" \/>\n<script type=\"application\/ld+json\" class=\"yoast-schema-graph\">{\"@context\":\"https:\\\/\\\/schema.org\",\"@graph\":[{\"@type\":\"WebPage\",\"@id\":\"https:\\\/\\\/axetechnologies.com\\\/fr\\\/accueil-2\\\/\",\"url\":\"https:\\\/\\\/axetechnologies.com\\\/fr\\\/accueil-2\\\/\",\"name\":\"Accueil - Axe Technologies\",\"isPartOf\":{\"@id\":\"https:\\\/\\\/axetechnologies.com\\\/fr\\\/#website\"},\"datePublished\":\"2025-07-15T09:45:51+00:00\",\"dateModified\":\"2025-07-15T09:52:15+00:00\",\"breadcrumb\":{\"@id\":\"https:\\\/\\\/axetechnologies.com\\\/fr\\\/accueil-2\\\/#breadcrumb\"},\"inLanguage\":\"fr-FR\",\"potentialAction\":[{\"@type\":\"ReadAction\",\"target\":[\"https:\\\/\\\/axetechnologies.com\\\/fr\\\/accueil-2\\\/\"]}]},{\"@type\":\"BreadcrumbList\",\"@id\":\"https:\\\/\\\/axetechnologies.com\\\/fr\\\/accueil-2\\\/#breadcrumb\",\"itemListElement\":[{\"@type\":\"ListItem\",\"position\":1,\"name\":\"Home\",\"item\":\"https:\\\/\\\/axetechnologies.com\\\/fr\\\/\"},{\"@type\":\"ListItem\",\"position\":2,\"name\":\"Accueil\"}]},{\"@type\":\"WebSite\",\"@id\":\"https:\\\/\\\/axetechnologies.com\\\/fr\\\/#website\",\"url\":\"https:\\\/\\\/axetechnologies.com\\\/fr\\\/\",\"name\":\"Axe Technologies\",\"description\":\"Consulting and services\",\"potentialAction\":[{\"@type\":\"SearchAction\",\"target\":{\"@type\":\"EntryPoint\",\"urlTemplate\":\"https:\\\/\\\/axetechnologies.com\\\/fr\\\/?s={search_term_string}\"},\"query-input\":{\"@type\":\"PropertyValueSpecification\",\"valueRequired\":true,\"valueName\":\"search_term_string\"}}],\"inLanguage\":\"fr-FR\"}]}<\/script>\n<!-- \/ Yoast SEO plugin. -->","yoast_head_json":{"title":"Accueil - Axe Technologies","robots":{"index":"index","follow":"follow","max-snippet":"max-snippet:-1","max-image-preview":"max-image-preview:large","max-video-preview":"max-video-preview:-1"},"canonical":"https:\/\/axetechnologies.com\/fr\/accueil-2\/","og_locale":"fr_FR","og_type":"article","og_title":"Accueil - Axe Technologies","og_description":"[vc_row full_width=\u00a0\u00bbstretch_row_content_no_spaces\u00a0\u00bb el_class=\u00a0\u00bbsection-image-text\u00a0\u00bb css=\u00a0\u00bb.vc_custom_1752573115995{margin-bottom: 20px !important;padding-right: 0px !important;padding-left: 0px !important;}\u00a0\u00bb el_id=\u00a0\u00bbcustom-header-test\u00a0\u00bb][vc_column el_class=\u00a0\u00bbsection-gradient\u00a0\u00bb offset=\u00a0\u00bbvc_col-md-4&Prime;][vc_column_text el_class=\u00a0\u00bbsection-title\u00a0\u00bb] Axe Technologies Votre partenaire de confiance dans l\u2019univers des t\u00e9l\u00e9communications [\/vc_column_text][vc_column_text]Gr\u00e2ce \u00e0 une expertise \u00e9prouv\u00e9e et une vision globale des m\u00e9tiers et enjeux du secteur, nous accompagnons nos clients pour optimiser leur performance et relever les d\u00e9fis technologiques d\u2019aujourd\u2019hui et de [&hellip;]","og_url":"https:\/\/axetechnologies.com\/fr\/accueil-2\/","og_site_name":"Axe Technologies","article_modified_time":"2025-07-15T09:52:15+00:00","twitter_card":"summary_large_image","twitter_misc":{"Dur\u00e9e de lecture estim\u00e9e":"2 minutes"},"schema":{"@context":"https:\/\/schema.org","@graph":[{"@type":"WebPage","@id":"https:\/\/axetechnologies.com\/fr\/accueil-2\/","url":"https:\/\/axetechnologies.com\/fr\/accueil-2\/","name":"Accueil - Axe Technologies","isPartOf":{"@id":"https:\/\/axetechnologies.com\/fr\/#website"},"datePublished":"2025-07-15T09:45:51+00:00","dateModified":"2025-07-15T09:52:15+00:00","breadcrumb":{"@id":"https:\/\/axetechnologies.com\/fr\/accueil-2\/#breadcrumb"},"inLanguage":"fr-FR","potentialAction":[{"@type":"ReadAction","target":["https:\/\/axetechnologies.com\/fr\/accueil-2\/"]}]},{"@type":"BreadcrumbList","@id":"https:\/\/axetechnologies.com\/fr\/accueil-2\/#breadcrumb","itemListElement":[{"@type":"ListItem","position":1,"name":"Home","item":"https:\/\/axetechnologies.com\/fr\/"},{"@type":"ListItem","position":2,"name":"Accueil"}]},{"@type":"WebSite","@id":"https:\/\/axetechnologies.com\/fr\/#website","url":"https:\/\/axetechnologies.com\/fr\/","name":"Axe Technologies","description":"Consulting and services","potentialAction":[{"@type":"SearchAction","target":{"@type":"EntryPoint","urlTemplate":"https:\/\/axetechnologies.com\/fr\/?s={search_term_string}"},"query-input":{"@type":"PropertyValueSpecification","valueRequired":true,"valueName":"search_term_string"}}],"inLanguage":"fr-FR"}]}},"_links":{"self":[{"href":"https:\/\/axetechnologies.com\/fr\/wp-json\/wp\/v2\/pages\/5888","targetHints":{"allow":["GET"]}}],"collection":[{"href":"https:\/\/axetechnologies.com\/fr\/wp-json\/wp\/v2\/pages"}],"about":[{"href":"https:\/\/axetechnologies.com\/fr\/wp-json\/wp\/v2\/types\/page"}],"author":[{"embeddable":true,"href":"https:\/\/axetechnologies.com\/fr\/wp-json\/wp\/v2\/users\/3"}],"replies":[{"embeddable":true,"href":"https:\/\/axetechnologies.com\/fr\/wp-json\/wp\/v2\/comments?post=5888"}],"version-history":[{"count":7,"href":"https:\/\/axetechnologies.com\/fr\/wp-json\/wp\/v2\/pages\/5888\/revisions"}],"predecessor-version":[{"id":6247,"href":"https:\/\/axetechnologies.com\/fr\/wp-json\/wp\/v2\/pages\/5888\/revisions\/6247"}],"wp:attachment":[{"href":"https:\/\/axetechnologies.com\/fr\/wp-json\/wp\/v2\/media?parent=5888"}],"curies":[{"name":"wp","href":"https:\/\/api.w.org\/{rel}","templated":true}]}}